{"id":291,"date":"2024-01-16T13:57:58","date_gmt":"2024-01-16T12:57:58","guid":{"rendered":"https:\/\/sanierungrheinruhr.de\/?page_id=291"},"modified":"2024-01-26T11:07:12","modified_gmt":"2024-01-26T10:07:12","slug":"putz-verputz-spachteln","status":"publish","type":"page","link":"https:\/\/sanierungrheinruhr.de\/?page_id=291","title":{"rendered":"WDVS \/ Putz &#038;  Spachtelarbeiten"},"content":{"rendered":"\n<p>Weiterhin f\u00fchren wir auch energetische Sanierungen im Form von W\u00e4rmd\u00e4mm-Verbundsystemarbeiten durch. Die Putzstruktur der Oberfl\u00e4che entscheiden Sie, die Palette reicht von fein bis grob. Diese Details werden wir vor Beginn der Arbeiten besprechen. <\/p>\n","protected":false},"excerpt":{"rendered":"<p>Weiterhin f\u00fchren wir auch energetische Sanierungen im Form von W\u00e4rmd\u00e4mm-Verbundsystemarbeiten durch. Die Putzstruktur der Oberfl\u00e4che entscheiden Sie, die Palette reicht von fein bis grob. Diese Details werden wir vor Beginn der Arbeiten besprechen.<\/p>\n","protected":false},"author":1,"featured_media":0,"parent":0,"menu_order":0,"comment_status":"closed","ping_status":"closed","template":"","meta":{"_uf_show_specific_survey":0,"_uf_disable_surveys":false,"footnotes":""},"class_list":["post-291","page","type-page","status-publish","hentry"],"aioseo_notices":[],"_links":{"self":[{"href":"https:\/\/sanierungrheinruhr.de\/index.php?rest_route=\/wp\/v2\/pages\/291","targetHints":{"allow":["GET"]}}],"collection":[{"href":"https:\/\/sanierungrheinruhr.de\/index.php?rest_route=\/wp\/v2\/pages"}],"about":[{"href":"https:\/\/sanierungrheinruhr.de\/index.php?rest_route=\/wp\/v2\/types\/page"}],"author":[{"embeddable":true,"href":"https:\/\/sanierungrheinruhr.de\/index.php?rest_route=\/wp\/v2\/users\/1"}],"replies":[{"embeddable":true,"href":"https:\/\/sanierungrheinruhr.de\/index.php?rest_route=%2Fwp%2Fv2%2Fcomments&post=291"}],"version-history":[{"count":5,"href":"https:\/\/sanierungrheinruhr.de\/index.php?rest_route=\/wp\/v2\/pages\/291\/revisions"}],"predecessor-version":[{"id":415,"href":"https:\/\/sanierungrheinruhr.de\/index.php?rest_route=\/wp\/v2\/pages\/291\/revisions\/415"}],"wp:attachment":[{"href":"https:\/\/sanierungrheinruhr.de\/index.php?rest_route=%2Fwp%2Fv2%2Fmedia&parent=291"}],"curies":[{"name":"wp","href":"https:\/\/api.w.org\/{rel}","templated":true}]}}