{"id":289,"date":"2024-01-16T13:57:58","date_gmt":"2024-01-16T12:57:58","guid":{"rendered":"https:\/\/sanierungrheinruhr.de\/?page_id=289"},"modified":"2024-01-20T19:32:44","modified_gmt":"2024-01-20T18:32:44","slug":"haushaltaufloesung-entruempelungen","status":"publish","type":"page","link":"https:\/\/sanierungrheinruhr.de\/?page_id=289","title":{"rendered":"Haushaltaufl\u00f6sung &#038; Entr\u00fcmpelungen"},"content":{"rendered":"\n<p>Mit viel Einf\u00fchlverm\u00f6gen und dem n\u00f6tigen Ma\u00df an Diskretion k\u00fcmmern wir uns um die R\u00e4umung von stark beanspruchten Wohnungen und H\u00e4usern, Problemwohnungen oder Messie-Wohnungen. Mit Erfahrung in Haushaltsaufll\u00f6sungen sowie Entr\u00fcmpelungen und dem n\u00f6tigen Know-how k\u00fcmmern wir uns um die gesamte Abwicklung bis hin zur besenreinen \u00dcbergabe.<\/p>\n","protected":false},"excerpt":{"rendered":"<p>Mit viel Einf\u00fchlverm\u00f6gen und dem n\u00f6tigen Ma\u00df an Diskretion k\u00fcmmern wir uns um die R\u00e4umung von stark beanspruchten Wohnungen und H\u00e4usern, Problemwohnungen oder Messie-Wohnungen. Mit Erfahrung in Haushaltsaufll\u00f6sungen sowie Entr\u00fcmpelungen und dem n\u00f6tigen Know-how k\u00fcmmern wir uns um die gesamte Abwicklung bis hin zur besenreinen \u00dcbergabe.<\/p>\n","protected":false},"author":1,"featured_media":0,"parent":0,"menu_order":0,"comment_status":"closed","ping_status":"closed","template":"","meta":{"_uf_show_specific_survey":0,"_uf_disable_surveys":false,"footnotes":""},"class_list":["post-289","page","type-page","status-publish","hentry"],"aioseo_notices":[],"_links":{"self":[{"href":"https:\/\/sanierungrheinruhr.de\/index.php?rest_route=\/wp\/v2\/pages\/289","targetHints":{"allow":["GET"]}}],"collection":[{"href":"https:\/\/sanierungrheinruhr.de\/index.php?rest_route=\/wp\/v2\/pages"}],"about":[{"href":"https:\/\/sanierungrheinruhr.de\/index.php?rest_route=\/wp\/v2\/types\/page"}],"author":[{"embeddable":true,"href":"https:\/\/sanierungrheinruhr.de\/index.php?rest_route=\/wp\/v2\/users\/1"}],"replies":[{"embeddable":true,"href":"https:\/\/sanierungrheinruhr.de\/index.php?rest_route=%2Fwp%2Fv2%2Fcomments&post=289"}],"version-history":[{"count":2,"href":"https:\/\/sanierungrheinruhr.de\/index.php?rest_route=\/wp\/v2\/pages\/289\/revisions"}],"predecessor-version":[{"id":371,"href":"https:\/\/sanierungrheinruhr.de\/index.php?rest_route=\/wp\/v2\/pages\/289\/revisions\/371"}],"wp:attachment":[{"href":"https:\/\/sanierungrheinruhr.de\/index.php?rest_route=%2Fwp%2Fv2%2Fmedia&parent=289"}],"curies":[{"name":"wp","href":"https:\/\/api.w.org\/{rel}","templated":true}]}}