{"id":287,"date":"2024-01-16T13:57:58","date_gmt":"2024-01-16T12:57:58","guid":{"rendered":"https:\/\/sanierungrheinruhr.de\/?page_id=287"},"modified":"2024-01-26T10:43:52","modified_gmt":"2024-01-26T09:43:52","slug":"holz-bautenschutz","status":"publish","type":"page","link":"https:\/\/sanierungrheinruhr.de\/?page_id=287","title":{"rendered":"Holz &#038; Bautenschutz"},"content":{"rendered":"\n<p>Alle Holz und Fassadenbauteile im Au\u00dfenbreich sollten dauerhaft f\u00fcr Witterungseinfl\u00fcssen gesch\u00fctzt sein.<\/p>\n\n\n\n<p>Daf\u00fcr sind wir dei richtige Ansprchpartner.. Sprechen Sie uns an, wir beraten Sie gerne. <\/p>\n\n\n\n<p><\/p>\n","protected":false},"excerpt":{"rendered":"<p>Alle Holz und Fassadenbauteile im Au\u00dfenbreich sollten dauerhaft f\u00fcr Witterungseinfl\u00fcssen gesch\u00fctzt sein. Daf\u00fcr sind wir dei richtige Ansprchpartner.. Sprechen Sie uns an, wir beraten Sie gerne.<\/p>\n","protected":false},"author":1,"featured_media":0,"parent":0,"menu_order":0,"comment_status":"closed","ping_status":"closed","template":"","meta":{"_uf_show_specific_survey":0,"_uf_disable_surveys":false,"footnotes":""},"class_list":["post-287","page","type-page","status-publish","hentry"],"aioseo_notices":[],"_links":{"self":[{"href":"https:\/\/sanierungrheinruhr.de\/index.php?rest_route=\/wp\/v2\/pages\/287","targetHints":{"allow":["GET"]}}],"collection":[{"href":"https:\/\/sanierungrheinruhr.de\/index.php?rest_route=\/wp\/v2\/pages"}],"about":[{"href":"https:\/\/sanierungrheinruhr.de\/index.php?rest_route=\/wp\/v2\/types\/page"}],"author":[{"embeddable":true,"href":"https:\/\/sanierungrheinruhr.de\/index.php?rest_route=\/wp\/v2\/users\/1"}],"replies":[{"embeddable":true,"href":"https:\/\/sanierungrheinruhr.de\/index.php?rest_route=%2Fwp%2Fv2%2Fcomments&post=287"}],"version-history":[{"count":3,"href":"https:\/\/sanierungrheinruhr.de\/index.php?rest_route=\/wp\/v2\/pages\/287\/revisions"}],"predecessor-version":[{"id":408,"href":"https:\/\/sanierungrheinruhr.de\/index.php?rest_route=\/wp\/v2\/pages\/287\/revisions\/408"}],"wp:attachment":[{"href":"https:\/\/sanierungrheinruhr.de\/index.php?rest_route=%2Fwp%2Fv2%2Fmedia&parent=287"}],"curies":[{"name":"wp","href":"https:\/\/api.w.org\/{rel}","templated":true}]}}