{"id":277,"date":"2024-01-15T18:20:36","date_gmt":"2024-01-15T17:20:36","guid":{"rendered":"https:\/\/sanierungrheinruhr.de\/?page_id=277"},"modified":"2024-01-26T10:34:54","modified_gmt":"2024-01-26T09:34:54","slug":"tueren-fenstereinbauen","status":"publish","type":"page","link":"https:\/\/sanierungrheinruhr.de\/?page_id=277","title":{"rendered":"T\u00fcren &#038; Fenstereinbauen"},"content":{"rendered":"\n<p>In einem Raum d\u00fcrfen T\u00fcr und Fenster optimalerweise nicht fehlen. Damit wir Ihnen ein Innenausbau Komplettpaket anbieten k\u00f6nnen, geh\u00f6rt auch der T\u00fcreinbau und Fenstereinbau zu unseren fachlichen T\u00e4tigkeiten.<\/p>\n\n\n<div class=\"wp-block-image\">\n<figure class=\"aligncenter size-large is-resized\"><img loading=\"lazy\" decoding=\"async\" width=\"683\" height=\"1024\" src=\"https:\/\/sanierungrheinruhr.de\/wp-content\/uploads\/2024\/01\/Sanierung-Rhein-Ruhr-Tueren-Fenstereinbauen-683x1024.jpg\" alt=\"\" class=\"wp-image-282\" style=\"width:318px;height:auto\" srcset=\"https:\/\/sanierungrheinruhr.de\/wp-content\/uploads\/2024\/01\/Sanierung-Rhein-Ruhr-Tueren-Fenstereinbauen-683x1024.jpg 683w, https:\/\/sanierungrheinruhr.de\/wp-content\/uploads\/2024\/01\/Sanierung-Rhein-Ruhr-Tueren-Fenstereinbauen-200x300.jpg 200w, https:\/\/sanierungrheinruhr.de\/wp-content\/uploads\/2024\/01\/Sanierung-Rhein-Ruhr-Tueren-Fenstereinbauen-768x1152.jpg 768w, https:\/\/sanierungrheinruhr.de\/wp-content\/uploads\/2024\/01\/Sanierung-Rhein-Ruhr-Tueren-Fenstereinbauen-1024x1536.jpg 1024w, https:\/\/sanierungrheinruhr.de\/wp-content\/uploads\/2024\/01\/Sanierung-Rhein-Ruhr-Tueren-Fenstereinbauen-1365x2048.jpg 1365w, https:\/\/sanierungrheinruhr.de\/wp-content\/uploads\/2024\/01\/Sanierung-Rhein-Ruhr-Tueren-Fenstereinbauen-scaled.jpg 1707w\" sizes=\"auto, (max-width: 683px) 100vw, 683px\" \/><\/figure><\/div>\n\n\n<p> Wir verbauen T\u00fcrzargen und Fensterzargen im Innenbereich und setzen anschlie\u00dfend die gew\u00fcnschte T\u00fcr oder das gew\u00fcnschte Fenster professionell ein. Beim T\u00fcreinbau k\u00f6nnen wir neben den klassischen Scharniert\u00fcren auch Fenstert\u00fcren, Faltschiebet\u00fcren oder normale Schiebet\u00fcren einbauen. Wir beraten Sie gerne. <\/p>\n","protected":false},"excerpt":{"rendered":"<p>In einem Raum d\u00fcrfen T\u00fcr und Fenster optimalerweise nicht fehlen. Damit wir Ihnen ein Innenausbau Komplettpaket anbieten k\u00f6nnen, geh\u00f6rt auch der T\u00fcreinbau und Fenstereinbau zu unseren fachlichen T\u00e4tigkeiten. Wir verbauen T\u00fcrzargen und Fensterzargen im Innenbereich und setzen anschlie\u00dfend die gew\u00fcnschte T\u00fcr oder das gew\u00fcnschte Fenster professionell ein. Beim T\u00fcreinbau k\u00f6nnen wir neben den klassischen Scharniert\u00fcren [&hellip;]<\/p>\n","protected":false},"author":1,"featured_media":0,"parent":0,"menu_order":0,"comment_status":"closed","ping_status":"closed","template":"","meta":{"_uf_show_specific_survey":0,"_uf_disable_surveys":false,"footnotes":""},"class_list":["post-277","page","type-page","status-publish","hentry"],"aioseo_notices":[],"_links":{"self":[{"href":"https:\/\/sanierungrheinruhr.de\/index.php?rest_route=\/wp\/v2\/pages\/277","targetHints":{"allow":["GET"]}}],"collection":[{"href":"https:\/\/sanierungrheinruhr.de\/index.php?rest_route=\/wp\/v2\/pages"}],"about":[{"href":"https:\/\/sanierungrheinruhr.de\/index.php?rest_route=\/wp\/v2\/types\/page"}],"author":[{"embeddable":true,"href":"https:\/\/sanierungrheinruhr.de\/index.php?rest_route=\/wp\/v2\/users\/1"}],"replies":[{"embeddable":true,"href":"https:\/\/sanierungrheinruhr.de\/index.php?rest_route=%2Fwp%2Fv2%2Fcomments&post=277"}],"version-history":[{"count":3,"href":"https:\/\/sanierungrheinruhr.de\/index.php?rest_route=\/wp\/v2\/pages\/277\/revisions"}],"predecessor-version":[{"id":406,"href":"https:\/\/sanierungrheinruhr.de\/index.php?rest_route=\/wp\/v2\/pages\/277\/revisions\/406"}],"wp:attachment":[{"href":"https:\/\/sanierungrheinruhr.de\/index.php?rest_route=%2Fwp%2Fv2%2Fmedia&parent=277"}],"curies":[{"name":"wp","href":"https:\/\/api.w.org\/{rel}","templated":true}]}}