{"id":271,"date":"2024-01-15T18:06:58","date_gmt":"2024-01-15T17:06:58","guid":{"rendered":"https:\/\/sanierungrheinruhr.de\/?page_id=271"},"modified":"2024-01-26T10:29:58","modified_gmt":"2024-01-26T09:29:58","slug":"fliesenleger","status":"publish","type":"page","link":"https:\/\/sanierungrheinruhr.de\/?page_id=271","title":{"rendered":"Fliesenleger"},"content":{"rendered":"\n<p>Vermittlung Badsanierung<br>Tauchen Sie ein in die Welt der modernen Badsanierung, bei der jedes Detail z\u00e4hlt. Unser Team plant und realisiert die Neugestaltung Ihres Badezimmers nach h\u00f6chsten Standards. Von der Demontage bis zur Installation von Armaturen und Sanit\u00e4ranlagen sorgen wir f\u00fcr eine nahtlose Umsetzung, bei der Funktionalit\u00e4t und \u00c4sthetik Hand in Hand gehen.<\/p>\n\n\n\n<p><\/p>\n\n\n\n<p>Mit unserer Fliesenleger-Expertise schaffen wir eine solide Basis f\u00fcr Ihr neues Badezimmer. Jede Fliese wird mit Pr\u00e4zision und Sorgfalt verlegt, um ein ansprechendes Gesamtbild zu schaffen. Von zeitlosen Klassikern bis hin zu modernen Designs bieten wir eine breite Auswahl an Fliesen, die Ihren pers\u00f6nlichen Stil widerspiegeln.<\/p>\n\n\n<div class=\"wp-block-image\">\n<figure class=\"alignright size-large is-resized\"><img loading=\"lazy\" decoding=\"async\" width=\"683\" height=\"1024\" src=\"https:\/\/sanierungrheinruhr.de\/wp-content\/uploads\/2024\/01\/DSC03291-1-683x1024.jpg\" alt=\"\" class=\"wp-image-375\" style=\"width:324px;height:auto\" srcset=\"https:\/\/sanierungrheinruhr.de\/wp-content\/uploads\/2024\/01\/DSC03291-1-683x1024.jpg 683w, https:\/\/sanierungrheinruhr.de\/wp-content\/uploads\/2024\/01\/DSC03291-1-200x300.jpg 200w, https:\/\/sanierungrheinruhr.de\/wp-content\/uploads\/2024\/01\/DSC03291-1-768x1152.jpg 768w, https:\/\/sanierungrheinruhr.de\/wp-content\/uploads\/2024\/01\/DSC03291-1-1024x1536.jpg 1024w, https:\/\/sanierungrheinruhr.de\/wp-content\/uploads\/2024\/01\/DSC03291-1-1365x2048.jpg 1365w, https:\/\/sanierungrheinruhr.de\/wp-content\/uploads\/2024\/01\/DSC03291-1-scaled.jpg 1707w\" sizes=\"auto, (max-width: 683px) 100vw, 683px\" \/><\/figure><\/div>\n\n\n<figure class=\"wp-block-image is-resized\"><img loading=\"lazy\" decoding=\"async\" width=\"2560\" height=\"1707\" src=\"http:\/\/sanierungrheinruhr.de\/wp-content\/uploads\/2024\/01\/DSC03282-scaled.jpg\" alt=\"\" class=\"wp-image-373\" style=\"width:465px;height:auto\" srcset=\"https:\/\/sanierungrheinruhr.de\/wp-content\/uploads\/2024\/01\/DSC03282-scaled.jpg 2560w, https:\/\/sanierungrheinruhr.de\/wp-content\/uploads\/2024\/01\/DSC03282-300x200.jpg 300w, https:\/\/sanierungrheinruhr.de\/wp-content\/uploads\/2024\/01\/DSC03282-1024x683.jpg 1024w, https:\/\/sanierungrheinruhr.de\/wp-content\/uploads\/2024\/01\/DSC03282-768x512.jpg 768w, https:\/\/sanierungrheinruhr.de\/wp-content\/uploads\/2024\/01\/DSC03282-1536x1024.jpg 1536w, https:\/\/sanierungrheinruhr.de\/wp-content\/uploads\/2024\/01\/DSC03282-2048x1365.jpg 2048w\" sizes=\"auto, (max-width: 2560px) 100vw, 2560px\" \/><\/figure>\n\n\n\n<p>Bei Sanierung-Rhein-Ruhr verstehen wir, dass das Badezimmer ein wichtiger Raum in Ihrem Zuhause ist. Unsere Badsanierung und Fliesenlegerdienste zielen darauf ab, nicht nur \u00e4sthetisch ansprechende, sondern auch funktionale und langlebige Ergebnisse zu erzielen. Lassen Sie sich von unseren Fachleuten beraten und erleben Sie, wie Ihr neues Traumbad Wirklichkeit wird.<\/p>\n","protected":false},"excerpt":{"rendered":"<p>Vermittlung BadsanierungTauchen Sie ein in die Welt der modernen Badsanierung, bei der jedes Detail z\u00e4hlt. Unser Team plant und realisiert die Neugestaltung Ihres Badezimmers nach h\u00f6chsten Standards. Von der Demontage bis zur Installation von Armaturen und Sanit\u00e4ranlagen sorgen wir f\u00fcr eine nahtlose Umsetzung, bei der Funktionalit\u00e4t und \u00c4sthetik Hand in Hand gehen. Mit unserer Fliesenleger-Expertise [&hellip;]<\/p>\n","protected":false},"author":1,"featured_media":0,"parent":0,"menu_order":0,"comment_status":"closed","ping_status":"closed","template":"","meta":{"_uf_show_specific_survey":0,"_uf_disable_surveys":false,"footnotes":""},"class_list":["post-271","page","type-page","status-publish","hentry"],"aioseo_notices":[],"_links":{"self":[{"href":"https:\/\/sanierungrheinruhr.de\/index.php?rest_route=\/wp\/v2\/pages\/271","targetHints":{"allow":["GET"]}}],"collection":[{"href":"https:\/\/sanierungrheinruhr.de\/index.php?rest_route=\/wp\/v2\/pages"}],"about":[{"href":"https:\/\/sanierungrheinruhr.de\/index.php?rest_route=\/wp\/v2\/types\/page"}],"author":[{"embeddable":true,"href":"https:\/\/sanierungrheinruhr.de\/index.php?rest_route=\/wp\/v2\/users\/1"}],"replies":[{"embeddable":true,"href":"https:\/\/sanierungrheinruhr.de\/index.php?rest_route=%2Fwp%2Fv2%2Fcomments&post=271"}],"version-history":[{"count":4,"href":"https:\/\/sanierungrheinruhr.de\/index.php?rest_route=\/wp\/v2\/pages\/271\/revisions"}],"predecessor-version":[{"id":405,"href":"https:\/\/sanierungrheinruhr.de\/index.php?rest_route=\/wp\/v2\/pages\/271\/revisions\/405"}],"wp:attachment":[{"href":"https:\/\/sanierungrheinruhr.de\/index.php?rest_route=%2Fwp%2Fv2%2Fmedia&parent=271"}],"curies":[{"name":"wp","href":"https:\/\/api.w.org\/{rel}","templated":true}]}}