{"id":256,"date":"2024-01-15T13:28:08","date_gmt":"2024-01-15T12:28:08","guid":{"rendered":"https:\/\/sanierungrheinruhr.de\/?page_id=256"},"modified":"2024-01-20T17:32:35","modified_gmt":"2024-01-20T16:32:35","slug":"sanierung-renovierung","status":"publish","type":"page","link":"https:\/\/sanierungrheinruhr.de\/?page_id=256","title":{"rendered":"Sanierung &amp; Renovierung"},"content":{"rendered":"\n<h2 class=\"wp-block-heading has-text-color\" style=\"color:#000000\"><\/h2>\n\n\n\n<div class=\"wp-block-media-text alignfull is-stacked-on-mobile is-vertically-aligned-center is-style-default\" style=\"grid-template-columns:49% auto\"><figure class=\"wp-block-media-text__media\"><img loading=\"lazy\" decoding=\"async\" width=\"1024\" height=\"819\" src=\"http:\/\/sanierungrheinruhr.de\/wp-content\/uploads\/2024\/01\/Sanierung-web-1024x819.jpg\" alt=\"\" class=\"wp-image-349 size-full\" srcset=\"https:\/\/sanierungrheinruhr.de\/wp-content\/uploads\/2024\/01\/Sanierung-web-1024x819.jpg 1024w, https:\/\/sanierungrheinruhr.de\/wp-content\/uploads\/2024\/01\/Sanierung-web-300x240.jpg 300w, https:\/\/sanierungrheinruhr.de\/wp-content\/uploads\/2024\/01\/Sanierung-web-768x614.jpg 768w, https:\/\/sanierungrheinruhr.de\/wp-content\/uploads\/2024\/01\/Sanierung-web.jpg 1500w\" sizes=\"auto, (max-width: 1024px) 100vw, 1024px\" \/><\/figure><div class=\"wp-block-media-text__content\">\n<p class=\"has-text-color\" style=\"color:#636363;font-size:17px;line-height:1.1\">Reichen kleine Reparaturen nicht mehr aus oder sehnen Sie sich einfach, im wortw\u00f6rtlichen oder \u00fcbertragenen Sinn, nach einem\u00a0Tapetenwechsel, \u00fcbernehmen wir f\u00fcr Sie auch die Renovierung Ihrer\u00a0Wohn- oder Gesch\u00e4ftsr\u00e4ume. <\/p>\n<\/div><\/div>\n\n\n\n<p>Dabei k\u00f6nnen Sie uns sowohl mit der Ausbesserung einzelner Raumelemente wie dem Fu\u00dfboden, der W\u00e4nde oder der Decke, als auch mit  der kompletten&nbsp;<strong>Neugestaltung einzelner R\u00e4ume<\/strong>&nbsp;oder Ihres ganzen Hauses beauftragen. Uns ist kein Auftrag zu klein und keine Herausforderung zu gro\u00df. Gerne unterbreiten wir Ihnen ein&nbsp;<strong>individuelles Angebot<\/strong>&nbsp;f\u00fcr Ihre Sanierungsma\u00dfnahmen.<\/p>\n","protected":false},"excerpt":{"rendered":"<p>Reichen kleine Reparaturen nicht mehr aus oder sehnen Sie sich einfach, im wortw\u00f6rtlichen oder \u00fcbertragenen Sinn, nach einem\u00a0Tapetenwechsel, \u00fcbernehmen wir f\u00fcr Sie auch die Renovierung Ihrer\u00a0Wohn- oder Gesch\u00e4ftsr\u00e4ume. Dabei k\u00f6nnen Sie uns sowohl mit der Ausbesserung einzelner Raumelemente wie dem Fu\u00dfboden, der W\u00e4nde oder der Decke, als auch mit der kompletten&nbsp;Neugestaltung einzelner R\u00e4ume&nbsp;oder Ihres ganzen [&hellip;]<\/p>\n","protected":false},"author":1,"featured_media":0,"parent":0,"menu_order":0,"comment_status":"closed","ping_status":"closed","template":"","meta":{"_uf_show_specific_survey":0,"_uf_disable_surveys":false,"footnotes":""},"class_list":["post-256","page","type-page","status-publish","hentry"],"aioseo_notices":[],"_links":{"self":[{"href":"https:\/\/sanierungrheinruhr.de\/index.php?rest_route=\/wp\/v2\/pages\/256","targetHints":{"allow":["GET"]}}],"collection":[{"href":"https:\/\/sanierungrheinruhr.de\/index.php?rest_route=\/wp\/v2\/pages"}],"about":[{"href":"https:\/\/sanierungrheinruhr.de\/index.php?rest_route=\/wp\/v2\/types\/page"}],"author":[{"embeddable":true,"href":"https:\/\/sanierungrheinruhr.de\/index.php?rest_route=\/wp\/v2\/users\/1"}],"replies":[{"embeddable":true,"href":"https:\/\/sanierungrheinruhr.de\/index.php?rest_route=%2Fwp%2Fv2%2Fcomments&post=256"}],"version-history":[{"count":8,"href":"https:\/\/sanierungrheinruhr.de\/index.php?rest_route=\/wp\/v2\/pages\/256\/revisions"}],"predecessor-version":[{"id":354,"href":"https:\/\/sanierungrheinruhr.de\/index.php?rest_route=\/wp\/v2\/pages\/256\/revisions\/354"}],"wp:attachment":[{"href":"https:\/\/sanierungrheinruhr.de\/index.php?rest_route=%2Fwp%2Fv2%2Fmedia&parent=256"}],"curies":[{"name":"wp","href":"https:\/\/api.w.org\/{rel}","templated":true}]}}