{"id":251,"date":"2024-01-15T13:22:58","date_gmt":"2024-01-15T12:22:58","guid":{"rendered":"https:\/\/sanierungrheinruhr.de\/?page_id=251"},"modified":"2024-01-24T16:07:25","modified_gmt":"2024-01-24T15:07:25","slug":"bodenarbeit-laminat","status":"publish","type":"page","link":"https:\/\/sanierungrheinruhr.de\/?page_id=251","title":{"rendered":"Bodenarbeit &#038; Laminat"},"content":{"rendered":"<div class=\"wp-block-image\">\n<figure class=\"alignleft size-large is-resized\"><img loading=\"lazy\" decoding=\"async\" width=\"1024\" height=\"683\" src=\"http:\/\/sanierungrheinruhr.de\/wp-content\/uploads\/2024\/01\/DSC03306-1024x683.jpg\" alt=\"\" class=\"wp-image-377\" style=\"width:367px;height:auto\" srcset=\"https:\/\/sanierungrheinruhr.de\/wp-content\/uploads\/2024\/01\/DSC03306-1024x683.jpg 1024w, https:\/\/sanierungrheinruhr.de\/wp-content\/uploads\/2024\/01\/DSC03306-300x200.jpg 300w, https:\/\/sanierungrheinruhr.de\/wp-content\/uploads\/2024\/01\/DSC03306-768x512.jpg 768w, https:\/\/sanierungrheinruhr.de\/wp-content\/uploads\/2024\/01\/DSC03306-1536x1024.jpg 1536w, https:\/\/sanierungrheinruhr.de\/wp-content\/uploads\/2024\/01\/DSC03306-2048x1365.jpg 2048w\" sizes=\"auto, (max-width: 1024px) 100vw, 1024px\" \/><\/figure><\/div>\n\n\n<p>Der Fu\u00dfboden eines Raumes ist nicht nur ein Bodenbelag. Er hat einen erheblichen Anteil an der gesamten Atmosph\u00e4re des Raums und ist deshalb ein wichtiges Gestaltungselement. Auch das Raumklima l\u00e4sst sich durch den richtigen Boden verbessern. Gerne beraten wir Sie umfassend zu den unterschiedlichen Materialien und Gestaltungsm\u00f6glichkeiten und realisieren diese anschlie\u00dfend. Gerne statten wir Ihre B\u00f6den im gleichen Zug mit einer Isolierung oder Trittschalld\u00e4mmung aus.<\/p>\n\n\n<div class=\"wp-block-image\">\n<figure class=\"alignright size-large is-resized\"><img loading=\"lazy\" decoding=\"async\" width=\"1024\" height=\"683\" src=\"http:\/\/sanierungrheinruhr.de\/wp-content\/uploads\/2024\/01\/DSC03301-1024x683.jpg\" alt=\"\" class=\"wp-image-380\" style=\"width:468px;height:auto\" srcset=\"https:\/\/sanierungrheinruhr.de\/wp-content\/uploads\/2024\/01\/DSC03301-1024x683.jpg 1024w, https:\/\/sanierungrheinruhr.de\/wp-content\/uploads\/2024\/01\/DSC03301-300x200.jpg 300w, https:\/\/sanierungrheinruhr.de\/wp-content\/uploads\/2024\/01\/DSC03301-768x512.jpg 768w, https:\/\/sanierungrheinruhr.de\/wp-content\/uploads\/2024\/01\/DSC03301-1536x1024.jpg 1536w, https:\/\/sanierungrheinruhr.de\/wp-content\/uploads\/2024\/01\/DSC03301-2048x1365.jpg 2048w\" sizes=\"auto, (max-width: 1024px) 100vw, 1024px\" \/><\/figure><\/div>","protected":false},"excerpt":{"rendered":"<p>Der Fu\u00dfboden eines Raumes ist nicht nur ein Bodenbelag. Er hat einen erheblichen Anteil an der gesamten Atmosph\u00e4re des Raums und ist deshalb ein wichtiges Gestaltungselement. Auch das Raumklima l\u00e4sst sich durch den richtigen Boden verbessern. Gerne beraten wir Sie umfassend zu den unterschiedlichen Materialien und Gestaltungsm\u00f6glichkeiten und realisieren diese anschlie\u00dfend. Gerne statten wir Ihre [&hellip;]<\/p>\n","protected":false},"author":1,"featured_media":306,"parent":0,"menu_order":0,"comment_status":"closed","ping_status":"closed","template":"","meta":{"_uf_show_specific_survey":0,"_uf_disable_surveys":false,"footnotes":""},"class_list":["post-251","page","type-page","status-publish","has-post-thumbnail","hentry"],"aioseo_notices":[],"_links":{"self":[{"href":"https:\/\/sanierungrheinruhr.de\/index.php?rest_route=\/wp\/v2\/pages\/251","targetHints":{"allow":["GET"]}}],"collection":[{"href":"https:\/\/sanierungrheinruhr.de\/index.php?rest_route=\/wp\/v2\/pages"}],"about":[{"href":"https:\/\/sanierungrheinruhr.de\/index.php?rest_route=\/wp\/v2\/types\/page"}],"author":[{"embeddable":true,"href":"https:\/\/sanierungrheinruhr.de\/index.php?rest_route=\/wp\/v2\/users\/1"}],"replies":[{"embeddable":true,"href":"https:\/\/sanierungrheinruhr.de\/index.php?rest_route=%2Fwp%2Fv2%2Fcomments&post=251"}],"version-history":[{"count":4,"href":"https:\/\/sanierungrheinruhr.de\/index.php?rest_route=\/wp\/v2\/pages\/251\/revisions"}],"predecessor-version":[{"id":381,"href":"https:\/\/sanierungrheinruhr.de\/index.php?rest_route=\/wp\/v2\/pages\/251\/revisions\/381"}],"wp:featuredmedia":[{"embeddable":true,"href":"https:\/\/sanierungrheinruhr.de\/index.php?rest_route=\/wp\/v2\/media\/306"}],"wp:attachment":[{"href":"https:\/\/sanierungrheinruhr.de\/index.php?rest_route=%2Fwp%2Fv2%2Fmedia&parent=251"}],"curies":[{"name":"wp","href":"https:\/\/api.w.org\/{rel}","templated":true}]}}