{"id":241,"date":"2024-01-15T13:11:26","date_gmt":"2024-01-15T12:11:26","guid":{"rendered":"https:\/\/sanierungrheinruhr.de\/?page_id=241"},"modified":"2024-01-20T18:42:10","modified_gmt":"2024-01-20T17:42:10","slug":"tapezieren","status":"publish","type":"page","link":"https:\/\/sanierungrheinruhr.de\/?page_id=241","title":{"rendered":"Tapezieren"},"content":{"rendered":"\n<p>Wir \u00fcbernehmen f\u00fcr Sie alle Arten von Tapezierarbeiten. Im Rahmen von Renovierungen geh\u00f6rt dazu selbstverst\u00e4ndlich auch die\u00a0Entfernung\u00a0und\u00a0fachgerechte Entsorgung Ihrer alten Tapeten. Wenn es um die Neugestaltung geht, beraten wir Sie gerne zu den mittlerweile vielf\u00e4ltigen M\u00f6glichkeiten rund um\u00a0Motiv-, Foto-, Vlies- und Effekttapeten.<\/p>\n\n\n\n<div class=\"wp-block-columns is-layout-flex wp-container-core-columns-is-layout-9d6595d7 wp-block-columns-is-layout-flex\">\n<div class=\"wp-block-column is-layout-flow wp-block-column-is-layout-flow\">\n<div class=\"wp-block-columns is-layout-flex wp-container-core-columns-is-layout-9d6595d7 wp-block-columns-is-layout-flex\">\n<div class=\"wp-block-column is-layout-flow wp-block-column-is-layout-flow\" style=\"flex-basis:100%\">\n<figure class=\"wp-block-image size-large is-resized\"><img loading=\"lazy\" decoding=\"async\" width=\"1024\" height=\"678\" src=\"http:\/\/sanierungrheinruhr.de\/wp-content\/uploads\/2024\/01\/wall-repairman-is-finishing-wallpapering-left-there-is-place-inscription-wallpapering-home-home-restoration-concept-1024x678.jpg\" alt=\"\" class=\"wp-image-365\" style=\"width:420px;height:auto\" srcset=\"https:\/\/sanierungrheinruhr.de\/wp-content\/uploads\/2024\/01\/wall-repairman-is-finishing-wallpapering-left-there-is-place-inscription-wallpapering-home-home-restoration-concept-1024x678.jpg 1024w, https:\/\/sanierungrheinruhr.de\/wp-content\/uploads\/2024\/01\/wall-repairman-is-finishing-wallpapering-left-there-is-place-inscription-wallpapering-home-home-restoration-concept-300x199.jpg 300w, https:\/\/sanierungrheinruhr.de\/wp-content\/uploads\/2024\/01\/wall-repairman-is-finishing-wallpapering-left-there-is-place-inscription-wallpapering-home-home-restoration-concept-768x509.jpg 768w, https:\/\/sanierungrheinruhr.de\/wp-content\/uploads\/2024\/01\/wall-repairman-is-finishing-wallpapering-left-there-is-place-inscription-wallpapering-home-home-restoration-concept-1536x1017.jpg 1536w, https:\/\/sanierungrheinruhr.de\/wp-content\/uploads\/2024\/01\/wall-repairman-is-finishing-wallpapering-left-there-is-place-inscription-wallpapering-home-home-restoration-concept-2048x1357.jpg 2048w\" sizes=\"auto, (max-width: 1024px) 100vw, 1024px\" \/><\/figure>\n<\/div>\n<\/div>\n\n\n\n<p style=\"font-size:14px\"><\/p>\n<\/div>\n\n\n\n<div class=\"wp-block-column is-layout-flow wp-block-column-is-layout-flow\">\n<div style=\"height:100px\" aria-hidden=\"true\" class=\"wp-block-spacer\"><\/div>\n\n\n\n<p style=\"font-size:14px\"><\/p>\n<\/div>\n<\/div>\n\n\n\n<div class=\"wp-block-columns is-layout-flex wp-container-core-columns-is-layout-9d6595d7 wp-block-columns-is-layout-flex\">\n<div class=\"wp-block-column is-layout-flow wp-block-column-is-layout-flow\"><\/div>\n\n\n\n<div class=\"wp-block-column is-layout-flow wp-block-column-is-layout-flow\">\n<figure class=\"wp-block-image size-full is-resized\"><img loading=\"lazy\" decoding=\"async\" width=\"640\" height=\"341\" src=\"http:\/\/sanierungrheinruhr.de\/wp-content\/uploads\/2024\/01\/door-1756962_640_54df37fb-0154-45db-bdf6-e4afb2d15937_1024x1024.jpg\" alt=\"\" class=\"wp-image-364\" style=\"width:510px;height:auto\" srcset=\"https:\/\/sanierungrheinruhr.de\/wp-content\/uploads\/2024\/01\/door-1756962_640_54df37fb-0154-45db-bdf6-e4afb2d15937_1024x1024.jpg 640w, https:\/\/sanierungrheinruhr.de\/wp-content\/uploads\/2024\/01\/door-1756962_640_54df37fb-0154-45db-bdf6-e4afb2d15937_1024x1024-300x160.jpg 300w\" sizes=\"auto, (max-width: 640px) 100vw, 640px\" \/><\/figure>\n\n\n\n<div style=\"height:100px\" aria-hidden=\"true\" class=\"wp-block-spacer\"><\/div>\n\n\n\n<p style=\"font-size:14px\"><\/p>\n<\/div>\n<\/div>\n","protected":false},"excerpt":{"rendered":"<p>Wir \u00fcbernehmen f\u00fcr Sie alle Arten von Tapezierarbeiten. Im Rahmen von Renovierungen geh\u00f6rt dazu selbstverst\u00e4ndlich auch die\u00a0Entfernung\u00a0und\u00a0fachgerechte Entsorgung Ihrer alten Tapeten. Wenn es um die Neugestaltung geht, beraten wir Sie gerne zu den mittlerweile vielf\u00e4ltigen M\u00f6glichkeiten rund um\u00a0Motiv-, Foto-, Vlies- und Effekttapeten.<\/p>\n","protected":false},"author":1,"featured_media":0,"parent":0,"menu_order":0,"comment_status":"closed","ping_status":"closed","template":"","meta":{"_uf_show_specific_survey":0,"_uf_disable_surveys":false,"footnotes":""},"class_list":["post-241","page","type-page","status-publish","hentry"],"aioseo_notices":[],"_links":{"self":[{"href":"https:\/\/sanierungrheinruhr.de\/index.php?rest_route=\/wp\/v2\/pages\/241","targetHints":{"allow":["GET"]}}],"collection":[{"href":"https:\/\/sanierungrheinruhr.de\/index.php?rest_route=\/wp\/v2\/pages"}],"about":[{"href":"https:\/\/sanierungrheinruhr.de\/index.php?rest_route=\/wp\/v2\/types\/page"}],"author":[{"embeddable":true,"href":"https:\/\/sanierungrheinruhr.de\/index.php?rest_route=\/wp\/v2\/users\/1"}],"replies":[{"embeddable":true,"href":"https:\/\/sanierungrheinruhr.de\/index.php?rest_route=%2Fwp%2Fv2%2Fcomments&post=241"}],"version-history":[{"count":3,"href":"https:\/\/sanierungrheinruhr.de\/index.php?rest_route=\/wp\/v2\/pages\/241\/revisions"}],"predecessor-version":[{"id":366,"href":"https:\/\/sanierungrheinruhr.de\/index.php?rest_route=\/wp\/v2\/pages\/241\/revisions\/366"}],"wp:attachment":[{"href":"https:\/\/sanierungrheinruhr.de\/index.php?rest_route=%2Fwp%2Fv2%2Fmedia&parent=241"}],"curies":[{"name":"wp","href":"https:\/\/api.w.org\/{rel}","templated":true}]}}