{"id":230,"date":"2024-01-15T10:41:39","date_gmt":"2024-01-15T09:41:39","guid":{"rendered":"https:\/\/sanierungrheinruhr.de\/?page_id=230"},"modified":"2024-01-20T17:56:20","modified_gmt":"2024-01-20T16:56:20","slug":"maler-und-lackierer","status":"publish","type":"page","link":"https:\/\/sanierungrheinruhr.de\/?page_id=230","title":{"rendered":"Maler und Lackierer"},"content":{"rendered":"\n<p>Sie suchen einen Maler, Anstreicher oder Lackierer? <\/p>\n\n\n\n<p>Sie haben Ihn gefunden. Wir k\u00fcmmern uns um s\u00e4mtliche Malerarbeiten in Ihren vier W\u00e4nden, ganz egal ob Sie sich eine dekorative Wandgestaltung, klassische oder moderne Maltechniken oder detailgetreue Lackierarbeiten w\u00fcnschen.<\/p>\n\n\n\n<div class=\"wp-block-columns alignfull is-layout-flex wp-container-core-columns-is-layout-9d6595d7 wp-block-columns-is-layout-flex\">\n<div class=\"wp-block-column is-layout-flow wp-block-column-is-layout-flow\" style=\"flex-basis:50%\"><div class=\"wp-block-image\">\n<figure class=\"alignleft size-large is-resized\"><img loading=\"lazy\" decoding=\"async\" width=\"1024\" height=\"683\" src=\"http:\/\/sanierungrheinruhr.de\/wp-content\/uploads\/2023\/12\/close-up-hand-painting-wall-with-roller-1024x683.jpg\" alt=\"\" class=\"wp-image-44\" style=\"width:471px;height:auto\" srcset=\"https:\/\/sanierungrheinruhr.de\/wp-content\/uploads\/2023\/12\/close-up-hand-painting-wall-with-roller-1024x683.jpg 1024w, https:\/\/sanierungrheinruhr.de\/wp-content\/uploads\/2023\/12\/close-up-hand-painting-wall-with-roller-300x200.jpg 300w, https:\/\/sanierungrheinruhr.de\/wp-content\/uploads\/2023\/12\/close-up-hand-painting-wall-with-roller-768x512.jpg 768w, https:\/\/sanierungrheinruhr.de\/wp-content\/uploads\/2023\/12\/close-up-hand-painting-wall-with-roller-1536x1024.jpg 1536w, https:\/\/sanierungrheinruhr.de\/wp-content\/uploads\/2023\/12\/close-up-hand-painting-wall-with-roller-2048x1365.jpg 2048w\" sizes=\"auto, (max-width: 1024px) 100vw, 1024px\" \/><figcaption class=\"wp-element-caption\">Welchen Untergrund es auch immer zu Bearbeiten gilt, bei der Firma Sanierung-Rhein-Ruhr sind Sie in guten H\u00e4nden wenn es um die Farbgestaltung, den Schutz vor Feuchtigkeit, Hitze , Rost und Schlag geht. Mit unserem gut ausgebildeten Fachpersonal sind wir f\u00fcr alle anstehenden Aufgaben gut ger\u00fcstet.<\/figcaption><\/figure><\/div><\/div>\n\n\n\n<div class=\"wp-block-column is-vertically-aligned-center is-layout-flow wp-block-column-is-layout-flow\" style=\"padding-top:1em;padding-right:1em;padding-bottom:1em;padding-left:1em\">\n<div class=\"wp-block-columns is-layout-flex wp-container-core-columns-is-layout-9d6595d7 wp-block-columns-is-layout-flex\">\n<div class=\"wp-block-column is-layout-flow wp-block-column-is-layout-flow\" style=\"flex-basis:320px\">\n<p class=\"has-small-font-size\" style=\"line-height:1.6\"><\/p>\n\n\n\n<p class=\"has-small-font-size\" style=\"line-height:1.6\"><\/p>\n\n\n\n<p><\/p>\n<\/div>\n<\/div>\n<\/div>\n<\/div>\n\n\n\n<div class=\"wp-block-columns alignfull is-layout-flex wp-container-core-columns-is-layout-9d6595d7 wp-block-columns-is-layout-flex\">\n<div class=\"wp-block-column is-layout-flow wp-block-column-is-layout-flow\" style=\"flex-basis:50%\"><\/div>\n\n\n\n<div class=\"wp-block-column is-vertically-aligned-center is-layout-flow wp-block-column-is-layout-flow\" style=\"padding-top:1em;padding-right:1em;padding-bottom:1em;padding-left:1em\">\n<div class=\"wp-block-columns is-layout-flex wp-container-core-columns-is-layout-9d6595d7 wp-block-columns-is-layout-flex\">\n<div class=\"wp-block-column is-layout-flow wp-block-column-is-layout-flow\" style=\"flex-basis:320px\">\n<p class=\"has-small-font-size\" style=\"line-height:1.6\"><\/p>\n<\/div>\n<\/div>\n<\/div>\n<\/div>\n","protected":false},"excerpt":{"rendered":"<p>Sie suchen einen Maler, Anstreicher oder Lackierer? Sie haben Ihn gefunden. Wir k\u00fcmmern uns um s\u00e4mtliche Malerarbeiten in Ihren vier W\u00e4nden, ganz egal ob Sie sich eine dekorative Wandgestaltung, klassische oder moderne Maltechniken oder detailgetreue Lackierarbeiten w\u00fcnschen.<\/p>\n","protected":false},"author":1,"featured_media":0,"parent":0,"menu_order":0,"comment_status":"closed","ping_status":"closed","template":"","meta":{"_uf_show_specific_survey":0,"_uf_disable_surveys":false,"footnotes":""},"class_list":["post-230","page","type-page","status-publish","hentry"],"aioseo_notices":[],"_links":{"self":[{"href":"https:\/\/sanierungrheinruhr.de\/index.php?rest_route=\/wp\/v2\/pages\/230","targetHints":{"allow":["GET"]}}],"collection":[{"href":"https:\/\/sanierungrheinruhr.de\/index.php?rest_route=\/wp\/v2\/pages"}],"about":[{"href":"https:\/\/sanierungrheinruhr.de\/index.php?rest_route=\/wp\/v2\/types\/page"}],"author":[{"embeddable":true,"href":"https:\/\/sanierungrheinruhr.de\/index.php?rest_route=\/wp\/v2\/users\/1"}],"replies":[{"embeddable":true,"href":"https:\/\/sanierungrheinruhr.de\/index.php?rest_route=%2Fwp%2Fv2%2Fcomments&post=230"}],"version-history":[{"count":10,"href":"https:\/\/sanierungrheinruhr.de\/index.php?rest_route=\/wp\/v2\/pages\/230\/revisions"}],"predecessor-version":[{"id":362,"href":"https:\/\/sanierungrheinruhr.de\/index.php?rest_route=\/wp\/v2\/pages\/230\/revisions\/362"}],"wp:attachment":[{"href":"https:\/\/sanierungrheinruhr.de\/index.php?rest_route=%2Fwp%2Fv2%2Fmedia&parent=230"}],"curies":[{"name":"wp","href":"https:\/\/api.w.org\/{rel}","templated":true}]}}