{"id":160,"date":"2023-12-18T13:17:15","date_gmt":"2023-12-18T12:17:15","guid":{"rendered":"https:\/\/sanierungrheinruhr.de\/?page_id=160"},"modified":"2024-01-20T17:00:57","modified_gmt":"2024-01-20T16:00:57","slug":"ueber-uns","status":"publish","type":"page","link":"https:\/\/sanierungrheinruhr.de\/?page_id=160","title":{"rendered":"\u00dcber Uns"},"content":{"rendered":"\n<p>wir sind ein neues meistergef\u00fchrtes Sanierungsunternehmen in Herne, auf <strong>Renovierung<\/strong>, <strong>Sanierung<\/strong> und <strong>Modernisierung <\/strong>im<strong> Nordrhein-Westfalen <\/strong>spezialisiert. Als Unternehmen koordinieren wir die Arbeitsabl\u00e4ufe, Materialaufw\u00e4nde und Zeitpl\u00e4ne, um Ihre individuellen W\u00fcnsche optimal zu verwirklichen. Wir gehen auf die W\u00fcnsche unserer Kunden individuell ein.<\/p>\n\n\n\n<p>Qualit\u00e4tsbewusstsein und das st\u00e4ndige Bem\u00fchen, um termingerechtere und saubere Ausf\u00fchrung der beauftragten Arbeiteten. Unsere Firma setzt sich aus einem freundlichen und hoch kompetenten Team von Experten zusammen. Wir erledigen unsere Arbeit hoch effizient, dank des Einsatzes modernster Standards und Technologien. Bei gr\u00f6\u00dferen Bauvorhaben mit den richtigen Partnern zusammenzuarbeiten, macht vieles einfacher.<\/p>\n\n\n\n<div class=\"wp-block-cover\"><span aria-hidden=\"true\" class=\"wp-block-cover__background has-background-dim\"><\/span><video class=\"wp-block-cover__video-background intrinsic-ignore\" autoplay muted loop playsinline src=\"http:\/\/sanierungrheinruhr.de\/wp-content\/uploads\/2024\/01\/Intro-Sanierung-Rhein-Ruhr.mp4\" data-object-fit=\"cover\"><\/video><div class=\"wp-block-cover__inner-container is-layout-constrained wp-block-cover-is-layout-constrained\">\n<p class=\"has-text-align-center has-large-font-size\"><\/p>\n<\/div><\/div>\n\n\n\n<p>Auf der Malerarbeit k\u00f6nnen Sie bauen! Ob Sanierung, Renovierung, Modernisierung, Neubau, ein neuer Anstrich, Verputzarbeiten, Spachteln, Tapezieren, Brandschutzbeschichtungen, Bodenarbeit, Fliesenleger, T\u00fcren und Fenstereinbauen, Trockenbauer, Holz und Bautenschutz, Haushaltaufl\u00f6sung und Entr\u00fcmpelungen, unterst\u00fctzen Sie mit Sachverstand, modernster Technik und qualifizierten Mitarbeitern.<\/p>\n\n\n\n<p>Wenn Sie einen Malerbetrieb suchen, der neben Fachkompetenz, kreative Techniken beherrscht. Der mit Gesp\u00fcr f\u00fcr Farbe und Design stilsicher berat. Dann sind Sie bei uns genau an der richtigen Adresse.<\/p>\n","protected":false},"excerpt":{"rendered":"<p>wir sind ein neues meistergef\u00fchrtes Sanierungsunternehmen in Herne, auf Renovierung, Sanierung und Modernisierung im Nordrhein-Westfalen spezialisiert. Als Unternehmen koordinieren wir die Arbeitsabl\u00e4ufe, Materialaufw\u00e4nde und Zeitpl\u00e4ne, um Ihre individuellen W\u00fcnsche optimal zu verwirklichen. Wir gehen auf die W\u00fcnsche unserer Kunden individuell ein. Qualit\u00e4tsbewusstsein und das st\u00e4ndige Bem\u00fchen, um termingerechtere und saubere Ausf\u00fchrung der beauftragten Arbeiteten. Unsere [&hellip;]<\/p>\n","protected":false},"author":1,"featured_media":0,"parent":0,"menu_order":0,"comment_status":"closed","ping_status":"closed","template":"","meta":{"_uf_show_specific_survey":0,"_uf_disable_surveys":false,"footnotes":""},"class_list":["post-160","page","type-page","status-publish","hentry"],"aioseo_notices":[],"_links":{"self":[{"href":"https:\/\/sanierungrheinruhr.de\/index.php?rest_route=\/wp\/v2\/pages\/160","targetHints":{"allow":["GET"]}}],"collection":[{"href":"https:\/\/sanierungrheinruhr.de\/index.php?rest_route=\/wp\/v2\/pages"}],"about":[{"href":"https:\/\/sanierungrheinruhr.de\/index.php?rest_route=\/wp\/v2\/types\/page"}],"author":[{"embeddable":true,"href":"https:\/\/sanierungrheinruhr.de\/index.php?rest_route=\/wp\/v2\/users\/1"}],"replies":[{"embeddable":true,"href":"https:\/\/sanierungrheinruhr.de\/index.php?rest_route=%2Fwp%2Fv2%2Fcomments&post=160"}],"version-history":[{"count":9,"href":"https:\/\/sanierungrheinruhr.de\/index.php?rest_route=\/wp\/v2\/pages\/160\/revisions"}],"predecessor-version":[{"id":345,"href":"https:\/\/sanierungrheinruhr.de\/index.php?rest_route=\/wp\/v2\/pages\/160\/revisions\/345"}],"wp:attachment":[{"href":"https:\/\/sanierungrheinruhr.de\/index.php?rest_route=%2Fwp%2Fv2%2Fmedia&parent=160"}],"curies":[{"name":"wp","href":"https:\/\/api.w.org\/{rel}","templated":true}]}}